{"id":23967,"date":"2020-09-17T13:24:34","date_gmt":"2020-09-17T11:24:34","guid":{"rendered":"https:\/\/www.chateau-stmaurice.ch\/site\/?page_id=23967"},"modified":"2026-03-31T12:46:24","modified_gmt":"2026-03-31T10:46:24","slug":"tarifs","status":"publish","type":"page","link":"https:\/\/www.chateau-stmaurice.ch\/site\/tarifs\/","title":{"rendered":"Tarifs"},"content":{"rendered":"<p>[vc_row row_type=\u00a0\u00bbrow\u00a0\u00bb use_row_as_full_screen_section=\u00a0\u00bbno\u00a0\u00bb type=\u00a0\u00bbfull_width\u00a0\u00bb text_align=\u00a0\u00bbleft\u00a0\u00bb background_animation=\u00a0\u00bbnone\u00a0\u00bb css_animation=\u00a0\u00bb\u00a0\u00bb][vc_column][vc_column_text]<span style=\"color: #000000;\"><strong>Tarif unique pour la visite de toutes nos expositions (exposition annuelle temporaire\u00a0et exposition historique permanente)<\/strong><\/span><\/p>\n<p>&nbsp;<\/p>\n<p><strong>Moyens de paiement accept\u00e9s<\/strong><\/p>\n<p>Esp\u00e8ces (CHF), PostCard, TWINT, cartes EC et cartes de cr\u00e9dit Visa\/Mastercard[\/vc_column_text][vc_empty_space][vc_column_text]<strong>Billets individuels<\/strong><\/p>\n<ul>\n<li>Adultes : CHF 14.00<\/li>\n<li>AVS\/AI\/AC, e\u0301tudiant(e)s*, apprenti(e)s : CHF 11.00<\/li>\n<li>Enfants de moins de 5 ans : gratuit<\/li>\n<li>Enfants de 5 a\u0300 16 ans : CHF 7.00<\/li>\n<\/ul>\n<p>* jusqu&rsquo;\u00e0 30 ans (tarif accord\u00e9 uniquement sur pr\u00e9sentation d&rsquo;une attestation valable)<\/p>\n<p>&nbsp;<\/p>\n<p><b>Important\u00a0!<\/b> \u00a0Le Ch\u00e2teau n\u2019est pas directement accessible par la route. Il n\u2019est, au vu de sa construction historique comme de son architecture, pas \u00e9quip\u00e9 d\u2019ascenseurs. <b>Il n\u2019est donc malheureusement pas accessible aux personnes \u00e0 mobilit\u00e9 r\u00e9duite<\/b>. Nous le regrettons.<\/p>\n<p>&nbsp;<\/p>\n<p><strong>Groupes<\/strong><\/p>\n<p>Sur r\u00e9servation pr\u00e9alable uniquement, sous un d\u00e9lai minimal de dix jours ouvrables, par e-mail \u00e0 <span lang=\"FR\">accueil@chateau-stmaurice.ch ou par t\u00e9l\u00e9phone au +41 (0) 24 485 24 58<\/span><\/p>\n<ul>\n<li>Groupes (d\u00e8s 10 personnes) : CHF 11.00 par pers.<\/li>\n<li>Groupes scolaires de St-Maurice : gratuit<\/li>\n<li>Groupes scolaires (jusqu&rsquo;\u00e0 16 ans, d\u00e8s 10 \u00e9l\u00e8ves) : CHF 5.-\u00a0par \u00e9l\u00e8ve + 1 accompagnant gratuit<\/li>\n<\/ul>\n<p>[\/vc_column_text][vc_empty_space height=\u00a0\u00bb25px\u00a0\u00bb][vc_column_text]<\/p>\n<p style=\"font-weight: 400;\"><strong>Acc\u00e8s libre<\/strong> avec l\u2019Abobo, l\u2019AG culturel, la carte Ambassadrice\/Ambassadeur des lieux touristiques de Saint-Maurice*, la carte AMS, la carte ICOM, le Pass Bienvenue, le Passeport Mus\u00e9es Suisses, la carte Raiffeisen Member Plus** et le Swiss Travel Pass (sous r\u00e9serve d\u2019une validit\u00e9 reconnue et effective de l\u2019\u00e9l\u00e9ment pr\u00e9sent\u00e9).<\/p>\n<p style=\"font-weight: 400;\">* avec un\u00b7e accompagnant\u00b7e<\/p>\n<p style=\"font-weight: 400;\">** acc\u00e8s libre compris avec un maximum de 3 enfants accompagnants de moins de 16 ans<\/p>\n<p>&nbsp;<\/p>\n<p style=\"font-weight: 400;\"><strong>Tarif r\u00e9duit<\/strong> \u00e0 CHF 11.00 avec le Pass\u2019Agaune et la Carte Citoyen du Chablais et \u00e0 CHF 9,50 avec la Carte Culture Caritas.<\/p>\n<p>[\/vc_column_text][vc_empty_space height=\u00a0\u00bb45px\u00a0\u00bb][vc_column_text]<\/p>\n<h4>Combin\u00e9 Ch\u00e2teau + Grotte aux f\u00e9es<\/h4>\n<p style=\"font-weight: 400;\"><strong>Non-disponible<\/strong>. La Grotte f\u00e9es est ferm\u00e9e pour r\u00e9novations. Elle ne rouvrira pas avant 2027.<\/p>\n<p>&nbsp;<\/p>\n<h4>Combin\u00e9 Ch\u00e2teau + Abbaye<\/h4>\n<p style=\"font-weight: 400;\">Utilisable le m\u00eame jour ou un autre jour d\u2019ouverture de chaque lieu en 2026, ce billet permet de visiter \u00e0 prix avantageux les expositions du Ch\u00e2teau, ainsi que l\u2019Abbaye de St-Maurice et son Tr\u00e9sor, situ\u00e9s \u00e0 moins de 10 minutes \u00e0 pied du Ch\u00e2teau. Tarif fixe, non cumulable avec d\u2019autres avantages, billet non-remboursable, non-\u00e9changeable.<\/p>\n<p>&nbsp;<\/p>\n<p><strong>Combin\u00e9s individuels<\/strong><\/p>\n<ul>\n<li>Adultes : CHF 26.00 (au lieu de CHF 31.00)<\/li>\n<li>Enfants de 5 a\u0300 16 ans : CHF 13.- (au lieu de CHF 17.00)<\/li>\n<\/ul>\n<p><strong><br \/>\nCombin\u00e9s groupes<\/strong><\/p>\n<p>Sur r\u00e9servation pr\u00e9alable uniquement, sous un d\u00e9lai minimal de dix jours ouvrables, par e-mail \u00e0 <span lang=\"FR\">accueil@chateau-stmaurice.ch ou par t\u00e9l\u00e9phone au +41 (0) 24 485 24 58<\/span><\/p>\n<ul>\n<li>Groupes scolaires (jusqu\u2019\u00e0 16 ans, d\u00e8s 10 \u00e9l\u00e8ves) : CHF 13.- par \u00e9l\u00e8ve + 1 accompagnant gratuit<\/li>\n<\/ul>\n<p><b>N.B.<\/b> Nous ne proposons pas d\u2019offre Combin\u00e9 Ch\u00e2teau-Abbaye pour les groupes adultes.[\/vc_column_text][vc_empty_space][\/vc_column][\/vc_row]<\/p>\n","protected":false},"excerpt":{"rendered":"<p>[vc_row row_type=\u00a0\u00bbrow\u00a0\u00bb use_row_as_full_screen_section=\u00a0\u00bbno\u00a0\u00bb type=\u00a0\u00bbfull_width\u00a0\u00bb text_align=\u00a0\u00bbleft\u00a0\u00bb background_animation=\u00a0\u00bbnone\u00a0\u00bb css_animation=\u00a0\u00bb\u00a0\u00bb][vc_column][vc_column_text]Tarif unique pour la visite de toutes nos expositions (exposition annuelle temporaire\u00a0et exposition historique permanente) &nbsp; Moyens de paiement accept\u00e9s Esp\u00e8ces (CHF), PostCard, TWINT, cartes EC et cartes de cr\u00e9dit Visa\/Mastercard[\/vc_column_text][vc_empty_space][vc_column_text]Billets individuels Adultes : CHF 14.00 AVS\/AI\/AC, e\u0301tudiant(e)s*, apprenti(e)s&#8230;<\/p>\n","protected":false},"author":3,"featured_media":0,"parent":0,"menu_order":0,"comment_status":"closed","ping_status":"closed","template":"","meta":{"footnotes":""},"_links":{"self":[{"href":"https:\/\/www.chateau-stmaurice.ch\/site\/wp-json\/wp\/v2\/pages\/23967"}],"collection":[{"href":"https:\/\/www.chateau-stmaurice.ch\/site\/wp-json\/wp\/v2\/pages"}],"about":[{"href":"https:\/\/www.chateau-stmaurice.ch\/site\/wp-json\/wp\/v2\/types\/page"}],"author":[{"embeddable":true,"href":"https:\/\/www.chateau-stmaurice.ch\/site\/wp-json\/wp\/v2\/users\/3"}],"replies":[{"embeddable":true,"href":"https:\/\/www.chateau-stmaurice.ch\/site\/wp-json\/wp\/v2\/comments?post=23967"}],"version-history":[{"count":117,"href":"https:\/\/www.chateau-stmaurice.ch\/site\/wp-json\/wp\/v2\/pages\/23967\/revisions"}],"predecessor-version":[{"id":26422,"href":"https:\/\/www.chateau-stmaurice.ch\/site\/wp-json\/wp\/v2\/pages\/23967\/revisions\/26422"}],"wp:attachment":[{"href":"https:\/\/www.chateau-stmaurice.ch\/site\/wp-json\/wp\/v2\/media?parent=23967"}],"curies":[{"name":"wp","href":"https:\/\/api.w.org\/{rel}","templated":true}]}}