{"id":23596,"date":"2019-10-23T14:22:59","date_gmt":"2019-10-23T12:22:59","guid":{"rendered":"http:\/\/www.chateau-stmaurice.ch\/site\/?page_id=23596"},"modified":"2024-05-02T14:23:10","modified_gmt":"2024-05-02T12:23:10","slug":"newsletter","status":"publish","type":"page","link":"https:\/\/www.chateau-stmaurice.ch\/site\/newsletter\/","title":{"rendered":"Newsletter"},"content":{"rendered":"<p>[vc_row row_type=\u00a0\u00bbrow\u00a0\u00bb use_row_as_full_screen_section=\u00a0\u00bbno\u00a0\u00bb type=\u00a0\u00bbfull_width\u00a0\u00bb text_align=\u00a0\u00bbleft\u00a0\u00bb background_animation=\u00a0\u00bbnone\u00a0\u00bb css_animation=\u00a0\u00bb\u00a0\u00bb][vc_column][vc_column_text]Abonnez-vous \u00e0 notre newsletter si vous souhaitez suivre les actualit\u00e9s du Ch\u00e2teau !<\/p>\n<p>&nbsp;<\/p>\n<p><a href=\"https:\/\/140b1ac7.sibforms.com\/serve\/MUIEANFmr7AzBNp-auFkPWmsl9yUQ5-ya_b4kN4yPu8wKxQgjJClNyv00flfhGmKvvllD_eJE8VqPGRkYg_OSrh9-vEHFqaJFoPX_KzcPAO1HtrECO_68pC8xhX2Ud8Sh2haZsq9mHlTVdt6ib93s3iQMhN2uPhFG642JrYCfvwhSiaMAMeyC6UUSrE7j5T2npSZxuzXXmGy2oSt\" target=\"_blank\" rel=\"noopener\"><strong>S&rsquo;ABONNER<\/strong><\/a>[\/vc_column_text][vc_empty_space height=\u00a0\u00bb64px\u00a0\u00bb][\/vc_column][\/vc_row][vc_row row_type=\u00a0\u00bbrow\u00a0\u00bb use_row_as_full_screen_section=\u00a0\u00bbno\u00a0\u00bb type=\u00a0\u00bbfull_width\u00a0\u00bb text_align=\u00a0\u00bbleft\u00a0\u00bb background_animation=\u00a0\u00bbnone\u00a0\u00bb css_animation=\u00a0\u00bb\u00a0\u00bb][vc_column offset=\u00a0\u00bbvc_hidden-lg vc_hidden-md vc_hidden-sm vc_hidden-xs\u00a0\u00bb][vc_column_text]<br \/>\n[\/vc_column_text]<a href=\"https:\/\/140b1ac7.sibforms.com\/serve\/MUIEANFmr7AzBNp-auFkPWmsl9yUQ5-ya_b4kN4yPu8wKxQgjJClNyv00flfhGmKvvllD_eJE8VqPGRkYg_OSrh9-vEHFqaJFoPX_KzcPAO1HtrECO_68pC8xhX2Ud8Sh2haZsq9mHlTVdt6ib93s3iQMhN2uPhFG642JrYCfvwhSiaMAMeyC6UUSrE7j5T2npSZxuzXXmGy2oSt\" target=\"_blank\"  class=\"qbutton  large\" style=\"\">S'abonner \u00e0 la newsletter<\/a>[\/vc_column][\/vc_row]<\/p>\n","protected":false},"excerpt":{"rendered":"<p>[vc_row row_type=\u00a0\u00bbrow\u00a0\u00bb use_row_as_full_screen_section=\u00a0\u00bbno\u00a0\u00bb type=\u00a0\u00bbfull_width\u00a0\u00bb text_align=\u00a0\u00bbleft\u00a0\u00bb background_animation=\u00a0\u00bbnone\u00a0\u00bb css_animation=\u00a0\u00bb\u00a0\u00bb][vc_column][vc_column_text]Abonnez-vous \u00e0 notre newsletter si vous souhaitez suivre les actualit\u00e9s du Ch\u00e2teau ! &nbsp; S&rsquo;ABONNER[\/vc_column_text][vc_empty_space height=\u00a0\u00bb64px\u00a0\u00bb][\/vc_column][\/vc_row][vc_row row_type=\u00a0\u00bbrow\u00a0\u00bb use_row_as_full_screen_section=\u00a0\u00bbno\u00a0\u00bb type=\u00a0\u00bbfull_width\u00a0\u00bb text_align=\u00a0\u00bbleft\u00a0\u00bb background_animation=\u00a0\u00bbnone\u00a0\u00bb css_animation=\u00a0\u00bb\u00a0\u00bb][vc_column offset=\u00a0\u00bbvc_hidden-lg vc_hidden-md vc_hidden-sm vc_hidden-xs\u00a0\u00bb][vc_column_text] [\/vc_column_text][\/vc_column][\/vc_row]<\/p>\n","protected":false},"author":3,"featured_media":0,"parent":0,"menu_order":0,"comment_status":"closed","ping_status":"closed","template":"","meta":{"footnotes":""},"_links":{"self":[{"href":"https:\/\/www.chateau-stmaurice.ch\/site\/wp-json\/wp\/v2\/pages\/23596"}],"collection":[{"href":"https:\/\/www.chateau-stmaurice.ch\/site\/wp-json\/wp\/v2\/pages"}],"about":[{"href":"https:\/\/www.chateau-stmaurice.ch\/site\/wp-json\/wp\/v2\/types\/page"}],"author":[{"embeddable":true,"href":"https:\/\/www.chateau-stmaurice.ch\/site\/wp-json\/wp\/v2\/users\/3"}],"replies":[{"embeddable":true,"href":"https:\/\/www.chateau-stmaurice.ch\/site\/wp-json\/wp\/v2\/comments?post=23596"}],"version-history":[{"count":16,"href":"https:\/\/www.chateau-stmaurice.ch\/site\/wp-json\/wp\/v2\/pages\/23596\/revisions"}],"predecessor-version":[{"id":25830,"href":"https:\/\/www.chateau-stmaurice.ch\/site\/wp-json\/wp\/v2\/pages\/23596\/revisions\/25830"}],"wp:attachment":[{"href":"https:\/\/www.chateau-stmaurice.ch\/site\/wp-json\/wp\/v2\/media?parent=23596"}],"curies":[{"name":"wp","href":"https:\/\/api.w.org\/{rel}","templated":true}]}}