{"id":23126,"date":"2018-06-25T09:31:43","date_gmt":"2018-06-25T07:31:43","guid":{"rendered":"http:\/\/www.chateau-stmaurice.ch\/site\/?page_id=23126"},"modified":"2024-04-23T09:10:38","modified_gmt":"2024-04-23T07:10:38","slug":"infosdevisite","status":"publish","type":"page","link":"https:\/\/www.chateau-stmaurice.ch\/site\/infosdevisite\/","title":{"rendered":"Infos de visite"},"content":{"rendered":"<p>[vc_row row_type=\u00a0\u00bbrow\u00a0\u00bb use_row_as_full_screen_section=\u00a0\u00bbno\u00a0\u00bb type=\u00a0\u00bbfull_width\u00a0\u00bb text_align=\u00a0\u00bbleft\u00a0\u00bb background_animation=\u00a0\u00bbnone\u00a0\u00bb css_animation=\u00a0\u00bb\u00a0\u00bb][vc_column][vc_column_text]<\/p>\n<h4>Animaux domestiques<\/h4>\n<p>Pour des raisons de s\u00e9curit\u00e9 et d\u2019hygi\u00e8ne, les animaux ne sont, exception faite des chiens d\u2019accompagnement de personnes mal\/non-voyantes, pas accept\u00e9s au Ch\u00e2teau. Merci de votre compr\u00e9hension.<\/p>\n<p>&nbsp;<\/p>\n<h4>Boissons &amp; nourriture<\/h4>\n<p style=\"font-weight: 400;\"><strong>La consommation de boissons et de nourriture n\u2019est pas autoris\u00e9e dans l\u2019ensemble du Ch\u00e2teau. <\/strong>Le Ch\u00e2teau ne propose pas de restauration ni de boissons \u00e0 la vente.<\/p>\n<p style=\"font-weight: 400;\">De nombreux lieux de restauration sont propos\u00e9s en ville de St-Maurice. A noter \u00e9galement que la <strong>Grotte aux f\u00e9es<\/strong>, situ\u00e9e \u00e0 10 minutes du Ch\u00e2teau, propose boissons et petite restauration dans sa salle \u00e0 manger et sur sa terrasse panoramique.<\/p>\n<p>&nbsp;<\/p>\n<h4>Ecoles et groupes<\/h4>\n<p>Pour les groupes, nous vous remercions de signaler votre venue sous un d\u00e9lai minimal de dix jours ouvrables, \u00e0 l\u2019adresse accueil@chateau-stmaurice.ch ou par t\u00e9l\u00e9phone au +41 (0) 24 485 24 58. Nous pourrons ainsi vous r\u00e9server le meilleur accueil et r\u00e9pondre au mieux \u00e0 vos attentes.<\/p>\n<p>&nbsp;<\/p>\n<h4>Enfants<\/h4>\n<p>Les moins de 16 ans doivent \u00eatre obligatoirement accompagn\u00e9s d\u2019un adulte pour leur visite.<\/p>\n<p style=\"font-weight: 400;\">Une table \u00e0 langer est disponible dans les toilettes des femmes.<\/p>\n<p>&nbsp;<\/p>\n<h4>Sacs<\/h4>\n<p style=\"font-weight: 400;\"><strong>Les sacs \u00e0 dos et tout \u00e9l\u00e9ment ou sac d\u00e9passant le format d\u2019un sac \u00e0 main sont, au vu de l\u2019exig\u00fcit\u00e9 de certains espaces de circulation, strictement interdits dans l\u2019exposition<\/strong>. Les sacs \u00e0 dos de petit format faisant office de sac \u00e0 main sont tol\u00e9r\u00e9s, \u00e0 la condition qu\u2019ils soient port\u00e9s \u00e0 la main ou sur la poitrine. Nous vous remercions de votre compr\u00e9hension. Une consigne gratuite est, au besoin et dans la limite des casiers disponibles, \u00e0 votre disposition.<\/p>\n<p>&nbsp;<\/p>\n<h4>Personnes \u00e0 mobilit\u00e9 r\u00e9duite ou en chaise roulante<\/h4>\n<p>Au vu de sa construction d\u2019\u00e9poque, le Ch\u00e2teau n\u2019est\u00a0malheureusement pas \u00e9quip\u00e9 d\u2019une rampe d\u2019acc\u00e8s ext\u00e9rieure, d\u2019un ascenseur ou de sanitaires pour les personnes en chaises roulantes. Nous le regrettons et vous prions de bien vouloir nous en excuser.<\/p>\n<p>&nbsp;<\/p>\n<h4>Photos<\/h4>\n<p>Les photos sont autoris\u00e9es sur l\u2019ensemble de nos expositions.[\/vc_column_text][\/vc_column][\/vc_row][vc_row row_type=\u00a0\u00bbrow\u00a0\u00bb use_row_as_full_screen_section=\u00a0\u00bbno\u00a0\u00bb type=\u00a0\u00bbfull_width\u00a0\u00bb text_align=\u00a0\u00bbleft\u00a0\u00bb background_animation=\u00a0\u00bbnone\u00a0\u00bb css_animation=\u00a0\u00bb\u00a0\u00bb][vc_column][vc_empty_space][\/vc_column][\/vc_row]<\/p>\n","protected":false},"excerpt":{"rendered":"<p>[vc_row row_type=\u00a0\u00bbrow\u00a0\u00bb use_row_as_full_screen_section=\u00a0\u00bbno\u00a0\u00bb type=\u00a0\u00bbfull_width\u00a0\u00bb text_align=\u00a0\u00bbleft\u00a0\u00bb background_animation=\u00a0\u00bbnone\u00a0\u00bb css_animation=\u00a0\u00bb\u00a0\u00bb][vc_column][vc_column_text] Animaux domestiques Pour des raisons de s\u00e9curit\u00e9 et d\u2019hygi\u00e8ne, les animaux ne sont, exception faite des chiens d\u2019accompagnement de personnes mal\/non-voyantes, pas accept\u00e9s au Ch\u00e2teau. Merci de votre compr\u00e9hension. &nbsp; Boissons &amp; nourriture La consommation de boissons et&#8230;<\/p>\n","protected":false},"author":2,"featured_media":0,"parent":0,"menu_order":0,"comment_status":"closed","ping_status":"closed","template":"","meta":{"footnotes":""},"_links":{"self":[{"href":"https:\/\/www.chateau-stmaurice.ch\/site\/wp-json\/wp\/v2\/pages\/23126"}],"collection":[{"href":"https:\/\/www.chateau-stmaurice.ch\/site\/wp-json\/wp\/v2\/pages"}],"about":[{"href":"https:\/\/www.chateau-stmaurice.ch\/site\/wp-json\/wp\/v2\/types\/page"}],"author":[{"embeddable":true,"href":"https:\/\/www.chateau-stmaurice.ch\/site\/wp-json\/wp\/v2\/users\/2"}],"replies":[{"embeddable":true,"href":"https:\/\/www.chateau-stmaurice.ch\/site\/wp-json\/wp\/v2\/comments?post=23126"}],"version-history":[{"count":24,"href":"https:\/\/www.chateau-stmaurice.ch\/site\/wp-json\/wp\/v2\/pages\/23126\/revisions"}],"predecessor-version":[{"id":25414,"href":"https:\/\/www.chateau-stmaurice.ch\/site\/wp-json\/wp\/v2\/pages\/23126\/revisions\/25414"}],"wp:attachment":[{"href":"https:\/\/www.chateau-stmaurice.ch\/site\/wp-json\/wp\/v2\/media?parent=23126"}],"curies":[{"name":"wp","href":"https:\/\/api.w.org\/{rel}","templated":true}]}}