{"id":21691,"date":"2015-04-17T12:52:27","date_gmt":"2015-04-17T12:52:27","guid":{"rendered":"http:\/\/www.chateau-stmaurice.ch\/site\/?page_id=21691"},"modified":"2022-07-24T20:18:20","modified_gmt":"2022-07-24T18:18:20","slug":"exposition-historique-sur-le-chateau","status":"publish","type":"page","link":"https:\/\/www.chateau-stmaurice.ch\/site\/exposition-historique-sur-le-chateau\/","title":{"rendered":"Exposition historique"},"content":{"rendered":"<p>[vc_row row_type=\u00a0\u00bbrow\u00a0\u00bb use_row_as_full_screen_section=\u00a0\u00bbno\u00a0\u00bb type=\u00a0\u00bbfull_width\u00a0\u00bb text_align=\u00a0\u00bbleft\u00a0\u00bb background_animation=\u00a0\u00bbnone\u00a0\u00bb css_animation=\u00a0\u00bb\u00a0\u00bb][vc_column width=\u00a0\u00bb1\/2&Prime;][vc_column_text]<\/p>\n<h4>Une exposition sur l\u2019histoire du Ch\u00e2teau<\/h4>\n<p>&nbsp;<\/p>\n<p>Inaugur\u00e9e en 2018, cette nouvelle exposition raconte les sept si\u00e8cles d\u2019existence du Ch\u00e2teau.<\/p>\n<p>&nbsp;<\/p>\n<p>R\u00e9alis\u00e9e gr\u00e2ce au soutien de l\u2019Etat du Valais, de la Loterie romande, de la Noble Bourgeoise ainsi que la Municipalit\u00e9 de St-Maurice, elle \u00e9voque les diverses utilisations de l\u2019\u00e9difice, ses divers r\u00f4les ainsi que la richesse pass\u00e9e et pr\u00e9sente de ses repr\u00e9sentations (cartes, peintures, photos, cartes postales, etc.).[\/vc_column_text][vc_empty_space][vc_single_image image=\u00a0\u00bb23097&Prime; img_size=\u00a0\u00bblarge\u00a0\u00bb qode_css_animation=\u00a0\u00bb\u00a0\u00bb][vc_empty_space][vc_column_text]Elle pr\u00e9sente, notamment, des cartes historiques, une maquette, des reproductions de gravures, une petite collection de cartes postales des 19<sup>e<\/sup> et 20<sup>e<\/sup> si\u00e8cles ainsi que la reproduction de l\u2019une des aquarelles du ch\u00e2teau par William Turner (1775-1851). \u00c9galement prolong\u00e9e dans la derni\u00e8re salle historique conserv\u00e9e du Ch\u00e2teau, elle t\u00e9moigne d\u2019une longue histoire. La plupart des textes, accessibles \u00e0 tous, sont pr\u00e9sent\u00e9s en fran\u00e7ais et en allemand.[\/vc_column_text][\/vc_column][vc_column width=\u00a0\u00bb1\/2&Prime;][vc_empty_space][vc_column_text]<strong>Important\u00a0!<\/strong> L\u2019acc\u00e8s \u00e0 cette exposition se fait conjointement \u00e0 l\u2019exposition temporaire annuelle en cours (acc\u00e8s inclus dans le prix de l\u2019exposition temporaire). En raison de la configuration et de la distribution des salles du Ch\u00e2teau, elle n&rsquo;est malheureusement pas visitable s\u00e9par\u00e9ment.[\/vc_column_text][vc_empty_space][vc_single_image image=\u00a0\u00bb23099&Prime; img_size=\u00a0\u00bblarge\u00a0\u00bb qode_css_animation=\u00a0\u00bb\u00a0\u00bb][vc_empty_space][\/vc_column][\/vc_row][vc_row row_type=\u00a0\u00bbrow\u00a0\u00bb use_row_as_full_screen_section=\u00a0\u00bbno\u00a0\u00bb type=\u00a0\u00bbfull_width\u00a0\u00bb text_align=\u00a0\u00bbleft\u00a0\u00bb background_animation=\u00a0\u00bbnone\u00a0\u00bb css_animation=\u00a0\u00bb\u00a0\u00bb][vc_column][vc_empty_space][\/vc_column][\/vc_row]<\/p>\n","protected":false},"excerpt":{"rendered":"<p>[vc_row row_type=\u00a0\u00bbrow\u00a0\u00bb use_row_as_full_screen_section=\u00a0\u00bbno\u00a0\u00bb type=\u00a0\u00bbfull_width\u00a0\u00bb text_align=\u00a0\u00bbleft\u00a0\u00bb background_animation=\u00a0\u00bbnone\u00a0\u00bb css_animation=\u00a0\u00bb\u00a0\u00bb][vc_column width=\u00a0\u00bb1\/2&Prime;][vc_column_text] Une exposition sur l\u2019histoire du Ch\u00e2teau &nbsp; Inaugur\u00e9e en 2018, cette nouvelle exposition raconte les sept si\u00e8cles d\u2019existence du Ch\u00e2teau. &nbsp; R\u00e9alis\u00e9e gr\u00e2ce au soutien de l\u2019Etat du Valais, de la Loterie romande, de la Noble Bourgeoise&#8230;<\/p>\n","protected":false},"author":2,"featured_media":0,"parent":0,"menu_order":0,"comment_status":"closed","ping_status":"open","template":"","meta":{"footnotes":""},"_links":{"self":[{"href":"https:\/\/www.chateau-stmaurice.ch\/site\/wp-json\/wp\/v2\/pages\/21691"}],"collection":[{"href":"https:\/\/www.chateau-stmaurice.ch\/site\/wp-json\/wp\/v2\/pages"}],"about":[{"href":"https:\/\/www.chateau-stmaurice.ch\/site\/wp-json\/wp\/v2\/types\/page"}],"author":[{"embeddable":true,"href":"https:\/\/www.chateau-stmaurice.ch\/site\/wp-json\/wp\/v2\/users\/2"}],"replies":[{"embeddable":true,"href":"https:\/\/www.chateau-stmaurice.ch\/site\/wp-json\/wp\/v2\/comments?post=21691"}],"version-history":[{"count":22,"href":"https:\/\/www.chateau-stmaurice.ch\/site\/wp-json\/wp\/v2\/pages\/21691\/revisions"}],"predecessor-version":[{"id":24610,"href":"https:\/\/www.chateau-stmaurice.ch\/site\/wp-json\/wp\/v2\/pages\/21691\/revisions\/24610"}],"wp:attachment":[{"href":"https:\/\/www.chateau-stmaurice.ch\/site\/wp-json\/wp\/v2\/media?parent=21691"}],"curies":[{"name":"wp","href":"https:\/\/api.w.org\/{rel}","templated":true}]}}